{"id":6740,"date":"2023-05-10T14:31:31","date_gmt":"2023-05-10T12:31:31","guid":{"rendered":"https:\/\/sate-caravista.com\/sate-caravista-en\/"},"modified":"2023-11-21T11:19:37","modified_gmt":"2023-11-21T10:19:37","slug":"what-is-sate-caravista","status":"publish","type":"page","link":"https:\/\/sate-caravista.com\/en\/what-is-sate-caravista\/","title":{"rendered":"What is Sate-Caravista"},"content":{"rendered":"\t\t<div data-elementor-type=\"wp-page\" data-elementor-id=\"6740\" class=\"elementor elementor-6740 elementor-2517\" data-elementor-post-type=\"page\">\n\t\t\t\t\t\t<section class=\"elementor-section elementor-top-section elementor-element elementor-element-25263aa2 elementor-section-full_width elementor-section-height-default elementor-section-height-default\" data-id=\"25263aa2\" data-element_type=\"section\" data-e-type=\"section\" data-settings=\"{&quot;background_background&quot;:&quot;classic&quot;,&quot;jet_parallax_layout_list&quot;:[]}\">\n\t\t\t\t\t\t<div class=\"elementor-container elementor-column-gap-default\">\n\t\t\t\t\t<div class=\"elementor-column elementor-col-50 elementor-top-column elementor-element elementor-element-7a5fb8a2\" data-id=\"7a5fb8a2\" data-element_type=\"column\" data-e-type=\"column\">\n\t\t\t<div class=\"elementor-widget-wrap elementor-element-populated\">\n\t\t\t\t\t\t<div class=\"elementor-element elementor-element-6a98dff elementor-widget elementor-widget-spacer\" data-id=\"6a98dff\" data-element_type=\"widget\" data-e-type=\"widget\" data-widget_type=\"spacer.default\">\n\t\t\t\t<div class=\"elementor-widget-container\">\n\t\t\t\t\t\t\t<div class=\"elementor-spacer\">\n\t\t\t<div class=\"elementor-spacer-inner\"><\/div>\n\t\t<\/div>\n\t\t\t\t\t\t<\/div>\n\t\t\t\t<\/div>\n\t\t\t\t<div class=\"elementor-element elementor-element-2a1eaa93 elementor-widget elementor-widget-heading\" data-id=\"2a1eaa93\" data-element_type=\"widget\" data-e-type=\"widget\" data-widget_type=\"heading.default\">\n\t\t\t\t<div class=\"elementor-widget-container\">\n\t\t\t\t\t<h1 class=\"elementor-heading-title elementor-size-default\">What is the SATE Caravista?<\/h1>\t\t\t\t<\/div>\n\t\t\t\t<\/div>\n\t\t\t\t<div class=\"elementor-element elementor-element-483b607e elementor-widget__width-initial elementor-widget elementor-widget-text-editor\" data-id=\"483b607e\" data-element_type=\"widget\" data-e-type=\"widget\" data-widget_type=\"text-editor.default\">\n\t\t\t\t<div class=\"elementor-widget-container\">\n\t\t\t\t\t\t\t\t\t<p class=\"MsoNormal\" style=\"box-sizing: inherit; margin-bottom: 24px; color: #000000; line-height: 26px; font-family: Lato, Arial, sans-serif;\">The thermal panel for the facade is a complex, monolithic structure. It consists of an insulation board (polyurethane foam (XPS), expanded polystyrene (PSB-S, EPS, PPS).<\/p>\n<p class=\"MsoNormal\" style=\"box-sizing: inherit; margin-bottom: 24px; color: #000000; line-height: 26px; font-family: Lato, Arial, sans-serif;\">The outer finishing layer can be represented by different materials. You also need glue for a single connection between the insulation layer and the protective and decorative coating.<\/p>\n<p class=\"MsoNormal\" style=\"box-sizing: inherit; margin-bottom: 24px; color: #000000; line-height: 26px; font-family: Lato, Arial, sans-serif;\">The process of gluing two materials occurs by pressing the tile into the insulation panel using a one-component polyurethane glue, which joins the structure of both materials along the entire thickness, creating a monolithic and durable structure &#8211; ceramic decorative + insulation = thermal panel.An adhesive mixture cannot provide a more reliable connection of two materials without the use of an additional pressure load with a penetrating effect on the structure of the materials to be glued.<\/p>\n<p class=\"MsoNormal\" style=\"box-sizing: inherit; margin-bottom: 24px; color: #000000; line-height: 26px; font-family: Lato, Arial, sans-serif;\">Our company uses two main types of insulating materials:<\/p>\n<ul>\n<li class=\"MsoNormal\" style=\"box-sizing: inherit; color: #000000; line-height: 26px; font-family: Lato, Arial, sans-serif;\">Expanded polystyrene foam (EPS)<\/li>\n<li class=\"MsoNormal\" style=\"box-sizing: inherit; color: #000000; line-height: 26px; font-family: Lato, Arial, sans-serif;\">Extruded polystyrene foam (XPS)<\/li>\n<\/ul>\n<p class=\"MsoNormal\" style=\"box-sizing: inherit; margin-bottom: 24px; color: #000000; line-height: 26px; font-family: Lato, Arial, sans-serif;\"><span style=\"font-weight: var( --e-global-typography-text-font-weight ); font-size: 1rem;\"><br \/>To choose the most durable and high-quality material, you will need to familiarize yourself in more detail with the characteristics of each of them.<\/span><\/p>\n\t\t\t\t\t\t\t\t<\/div>\n\t\t\t\t<\/div>\n\t\t\t\t\t<\/div>\n\t\t<\/div>\n\t\t\t\t<div class=\"elementor-column elementor-col-50 elementor-top-column elementor-element elementor-element-2330e63f\" data-id=\"2330e63f\" data-element_type=\"column\" data-e-type=\"column\">\n\t\t\t<div class=\"elementor-widget-wrap elementor-element-populated\">\n\t\t\t\t\t\t<div class=\"elementor-element elementor-element-2a64cbf4 elementor-widget elementor-widget-image\" data-id=\"2a64cbf4\" data-element_type=\"widget\" data-e-type=\"widget\" data-widget_type=\"image.default\">\n\t\t\t\t<div class=\"elementor-widget-container\">\n\t\t\t\t\t\t\t\t\t\t\t\t\t\t\t<img decoding=\"async\" src=\"https:\/\/sate-caravista.com\/wp-content\/uploads\/elementor\/thumbs\/Sate-Caravista-Facada-Acabada-q7bewc5fwx8sm2emt3jed8ft5x9bmlz6rgcys32vpc.jpg\" title=\"Sate-Caravista-Facada-Acabada\" alt=\"Sate-Caravista-Facada-Acabada\" loading=\"lazy\" \/>\t\t\t\t\t\t\t\t\t\t\t\t\t\t\t<\/div>\n\t\t\t\t<\/div>\n\t\t\t\t\t<\/div>\n\t\t<\/div>\n\t\t\t\t\t<\/div>\n\t\t<\/section>\n\t\t\t\t<section class=\"elementor-section elementor-top-section elementor-element elementor-element-9d95272 elementor-section-boxed elementor-section-height-default elementor-section-height-default\" data-id=\"9d95272\" data-element_type=\"section\" data-e-type=\"section\" data-settings=\"{&quot;background_background&quot;:&quot;classic&quot;,&quot;jet_parallax_layout_list&quot;:[]}\">\n\t\t\t\t\t\t<div class=\"elementor-container elementor-column-gap-default\">\n\t\t\t\t\t<div class=\"elementor-column elementor-col-100 elementor-top-column elementor-element elementor-element-539caa5\" data-id=\"539caa5\" data-element_type=\"column\" data-e-type=\"column\">\n\t\t\t<div class=\"elementor-widget-wrap elementor-element-populated\">\n\t\t\t\t\t\t<section class=\"elementor-section elementor-inner-section elementor-element elementor-element-a5acfa8 elementor-section-boxed elementor-section-height-default elementor-section-height-default\" data-id=\"a5acfa8\" data-element_type=\"section\" data-e-type=\"section\" data-settings=\"{&quot;jet_parallax_layout_list&quot;:[]}\">\n\t\t\t\t\t\t<div class=\"elementor-container elementor-column-gap-default\">\n\t\t\t\t\t<div class=\"elementor-column elementor-col-50 elementor-inner-column elementor-element elementor-element-90eb78a\" data-id=\"90eb78a\" data-element_type=\"column\" data-e-type=\"column\">\n\t\t\t<div class=\"elementor-widget-wrap elementor-element-populated\">\n\t\t\t\t\t\t<div class=\"elementor-element elementor-element-1f7f5bb elementor-widget elementor-widget-heading\" data-id=\"1f7f5bb\" data-element_type=\"widget\" data-e-type=\"widget\" data-widget_type=\"heading.default\">\n\t\t\t\t<div class=\"elementor-widget-container\">\n\t\t\t\t\t<h4 class=\"elementor-heading-title elementor-size-default\">Expanded polystyrene foam (EPS)\n<\/h4>\t\t\t\t<\/div>\n\t\t\t\t<\/div>\n\t\t\t\t<div class=\"elementor-element elementor-element-8efeb0c elementor-widget elementor-widget-image\" data-id=\"8efeb0c\" data-element_type=\"widget\" data-e-type=\"widget\" data-widget_type=\"image.default\">\n\t\t\t\t<div class=\"elementor-widget-container\">\n\t\t\t\t\t\t\t\t\t\t\t\t\t\t\t<img fetchpriority=\"high\" decoding=\"async\" width=\"300\" height=\"258\" src=\"https:\/\/sate-caravista.com\/wp-content\/uploads\/2023\/05\/sate-caravista-2-300x258.png\" class=\"attachment-medium size-medium wp-image-2560\" alt=\"\" srcset=\"https:\/\/sate-caravista.com\/wp-content\/uploads\/2023\/05\/sate-caravista-2-300x258.png 300w, https:\/\/sate-caravista.com\/wp-content\/uploads\/2023\/05\/sate-caravista-2-600x515.png 600w, https:\/\/sate-caravista.com\/wp-content\/uploads\/2023\/05\/sate-caravista-2.png 699w\" sizes=\"(max-width: 300px) 100vw, 300px\" title=\"\">\t\t\t\t\t\t\t\t\t\t\t\t\t\t\t<\/div>\n\t\t\t\t<\/div>\n\t\t\t\t<div class=\"elementor-element elementor-element-21c5ff5 elementor-widget elementor-widget-text-editor\" data-id=\"21c5ff5\" data-element_type=\"widget\" data-e-type=\"widget\" data-widget_type=\"text-editor.default\">\n\t\t\t\t<div class=\"elementor-widget-container\">\n\t\t\t\t\t\t\t\t\t<p style=\"font-weight: 400;\">Polystyrene is a popular insulating material, which is distinguished by the presence of a gas-filled structure. This polymer is made up of granules that have been obtained from petroleum refining. El proceso de producci\u00f3n del material implica el uso de un m\u00e9todo de expansi\u00f3n y sinterizaci\u00f3n adicional de todos los gr\u00e1nulos que se llenan con masas de aire. Por lo tanto, su volumen aumenta 50 veces.<\/p>\n<p style=\"font-weight: 400;\">Si comparamos la espuma de poliestireno expandido con otro aislamiento popular: la lana mineral, podemos notar el menor peso del primer material, su resistencia mec\u00e1nica y el coeficiente m\u00ednimo de conductividad t\u00e9rmica.<\/p>\n<p style=\"font-weight: 400;\">Debido a su bajo peso, la capa de aislamiento proporciona la forma m\u00e1s sencilla posible de fijaci\u00f3n a superficies verticales y tambi\u00e9n elimina la tensi\u00f3n adicional en todas las estructuras de soporte. <\/p>\n\t\t\t\t\t\t\t\t<\/div>\n\t\t\t\t<\/div>\n\t\t\t\t\t<\/div>\n\t\t<\/div>\n\t\t\t\t<div class=\"elementor-column elementor-col-50 elementor-inner-column elementor-element elementor-element-14765c3\" data-id=\"14765c3\" data-element_type=\"column\" data-e-type=\"column\">\n\t\t\t<div class=\"elementor-widget-wrap elementor-element-populated\">\n\t\t\t\t\t\t<div class=\"elementor-element elementor-element-fd5107f elementor-widget elementor-widget-heading\" data-id=\"fd5107f\" data-element_type=\"widget\" data-e-type=\"widget\" data-widget_type=\"heading.default\">\n\t\t\t\t<div class=\"elementor-widget-container\">\n\t\t\t\t\t<h4 class=\"elementor-heading-title elementor-size-default\">Extruded polystyrene foam (XPS)\n<\/h4>\t\t\t\t<\/div>\n\t\t\t\t<\/div>\n\t\t\t\t<div class=\"elementor-element elementor-element-2ab7d17 elementor-widget elementor-widget-image\" data-id=\"2ab7d17\" data-element_type=\"widget\" data-e-type=\"widget\" data-widget_type=\"image.default\">\n\t\t\t\t<div class=\"elementor-widget-container\">\n\t\t\t\t\t\t\t\t\t\t\t\t\t\t\t<img decoding=\"async\" width=\"300\" height=\"242\" src=\"https:\/\/sate-caravista.com\/wp-content\/uploads\/2023\/05\/Sate-Ceramica-1-300x242.png\" class=\"attachment-medium size-medium wp-image-2575\" alt=\"\" srcset=\"https:\/\/sate-caravista.com\/wp-content\/uploads\/2023\/05\/Sate-Ceramica-1-300x242.png 300w, https:\/\/sate-caravista.com\/wp-content\/uploads\/2023\/05\/Sate-Ceramica-1-600x485.png 600w, https:\/\/sate-caravista.com\/wp-content\/uploads\/2023\/05\/Sate-Ceramica-1.png 743w\" sizes=\"(max-width: 300px) 100vw, 300px\" title=\"\">\t\t\t\t\t\t\t\t\t\t\t\t\t\t\t<\/div>\n\t\t\t\t<\/div>\n\t\t\t\t<div class=\"elementor-element elementor-element-4ec3630 elementor-widget elementor-widget-text-editor\" data-id=\"4ec3630\" data-element_type=\"widget\" data-e-type=\"widget\" data-widget_type=\"text-editor.default\">\n\t\t\t\t<div class=\"elementor-widget-container\">\n\t\t\t\t\t\t\t\t\tExtruded polystyrene foam is considered a modern polymer, which is characterized by excellent thermal insulation and water-repellent properties. As the main raw material, special polystyrene granules are used, which are exposed to high temperatures, which &#8220;forces&#8221; them to melt.\n\nTogether with the blowing agent, the granules create a homogeneous mass, which is then extruded through the extruder, creating a continuous ribbon. When the material is completely solidified, it is cut into slabs of all sizes.\n\nSuch expanded polystyrene is also characterized by minimal weight, frost resistance, has a minimum level of water absorption and does not lend itself to attack by fungi or mold. Due to its structure, it is a completely safe and environmentally friendly material that does not pose any danger to the environment.\t\t\t\t\t\t\t\t<\/div>\n\t\t\t\t<\/div>\n\t\t\t\t\t<\/div>\n\t\t<\/div>\n\t\t\t\t\t<\/div>\n\t\t<\/section>\n\t\t\t\t\t<\/div>\n\t\t<\/div>\n\t\t\t\t\t<\/div>\n\t\t<\/section>\n\t\t\t\t<\/div>\n\t\t","protected":false},"excerpt":{"rendered":"<p>What is the SATE Caravista? The thermal panel for the facade is a complex, monolithic structure. It consists of an insulation board (polyurethane foam (XPS), expanded polystyrene (PSB-S, EPS, PPS). The outer finishing layer can be represented by different materials. You also need glue for a single connection between the insulation layer and the protective [&hellip;]<\/p>\n","protected":false},"author":69,"featured_media":0,"parent":0,"menu_order":30,"comment_status":"closed","ping_status":"closed","template":"elementor_header_footer","meta":{"footnotes":""},"class_list":["post-6740","page","type-page","status-publish","hentry"],"_links":{"self":[{"href":"https:\/\/sate-caravista.com\/en\/wp-json\/wp\/v2\/pages\/6740","targetHints":{"allow":["GET"]}}],"collection":[{"href":"https:\/\/sate-caravista.com\/en\/wp-json\/wp\/v2\/pages"}],"about":[{"href":"https:\/\/sate-caravista.com\/en\/wp-json\/wp\/v2\/types\/page"}],"author":[{"embeddable":true,"href":"https:\/\/sate-caravista.com\/en\/wp-json\/wp\/v2\/users\/69"}],"replies":[{"embeddable":true,"href":"https:\/\/sate-caravista.com\/en\/wp-json\/wp\/v2\/comments?post=6740"}],"version-history":[{"count":5,"href":"https:\/\/sate-caravista.com\/en\/wp-json\/wp\/v2\/pages\/6740\/revisions"}],"predecessor-version":[{"id":6745,"href":"https:\/\/sate-caravista.com\/en\/wp-json\/wp\/v2\/pages\/6740\/revisions\/6745"}],"wp:attachment":[{"href":"https:\/\/sate-caravista.com\/en\/wp-json\/wp\/v2\/media?parent=6740"}],"curies":[{"name":"wp","href":"https:\/\/api.w.org\/{rel}","templated":true}]}}